{"id":12,"date":"2026-05-11T05:57:47","date_gmt":"2026-05-11T05:57:47","guid":{"rendered":"https:\/\/28win.io\/?page_id=12"},"modified":"2026-05-11T07:36:40","modified_gmt":"2026-05-11T07:36:40","slug":"28win-2","status":"publish","type":"page","link":"https:\/\/28win.io\/","title":{"rendered":"28win"},"content":{"rendered":"\n<div class=\"row\"  id=\"row-1999679407\">\n\n\n\t<div id=\"col-1789308337\" class=\"col small-12 large-12\"  >\n\t\t\t\t<div class=\"col-inner\"  >\n\t\t\t\n\t\t\t\n\n\t<div class=\"img has-hover x md-x lg-x y md-y lg-y\" id=\"image_197969866\">\n\t\t\t\t\t\t\t\t<div class=\"img-inner dark\" >\n\t\t\t<img loading=\"lazy\" decoding=\"async\" width=\"1020\" height=\"319\" src=\"https:\/\/28win.io\/wp-content\/uploads\/2026\/05\/28win-banner-copy-1024x320.jpg\" class=\"attachment-large size-large\" alt=\"28win-banner\" srcset=\"https:\/\/28win.io\/wp-content\/uploads\/2026\/05\/28win-banner-copy-1024x320.jpg 1024w, https:\/\/28win.io\/wp-content\/uploads\/2026\/05\/28win-banner-copy-300x94.jpg 300w, https:\/\/28win.io\/wp-content\/uploads\/2026\/05\/28win-banner-copy-768x240.jpg 768w, https:\/\/28win.io\/wp-content\/uploads\/2026\/05\/28win-banner-copy-1536x480.jpg 1536w, https:\/\/28win.io\/wp-content\/uploads\/2026\/05\/28win-banner-copy.jpg 1920w\" sizes=\"auto, (max-width: 1020px) 100vw, 1020px\" \/>\t\t\t\t\t\t\n\t\t\t\t\t<\/div>\n\t\t\t\t\t\t\t\t\n<style>\n#image_197969866 {\n  width: 100%;\n}\n<\/style>\n\t<\/div>\n\t\n\n\n\t\t<\/div>\n\t\t\t\t\t<\/div>\n\n\t\n\n\n<style>\n#row-1999679407 > .col > .col-inner {\n  background-color: rgb(0, 0, 0);\n}\n<\/style>\n<\/div>\n<div class=\"row\"  id=\"row-836205042\">\n\n\n\t<div id=\"col-707326618\" class=\"col small-12 large-12\"  >\n\t\t\t\t<div class=\"col-inner\" style=\"background-color:rgb(0, 0, 0);\" >\n\t\t\t\n\t\t\t\n\n<div class=\"container section-title-container\" ><h1 class=\"section-title section-title-center\"><b><\/b><span class=\"section-title-main\" >28WIN \u2013 Nh\u00e0 C\u00e1i C\u00e1 C\u01b0\u1ee3c Tr\u1ef1c Tuy\u1ebfn \u0110\u1eb3ng C\u1ea5p Ch\u00e2u \u00c1 2026<\/span><b><\/b><\/h1><\/div>\n\n<p>b\u00e0i vi\u1ebft<\/p>\n\n\t\t<\/div>\n\t\t\t\t\t<\/div>\n\n\t\n\n<\/div>\n\n","protected":false},"excerpt":{"rendered":"","protected":false},"author":2,"featured_media":0,"parent":0,"menu_order":0,"comment_status":"closed","ping_status":"closed","template":"","meta":{"footnotes":""},"class_list":["post-12","page","type-page","status-publish","hentry"],"_links":{"self":[{"href":"https:\/\/28win.io\/index.php?rest_route=\/wp\/v2\/pages\/12","targetHints":{"allow":["GET"]}}],"collection":[{"href":"https:\/\/28win.io\/index.php?rest_route=\/wp\/v2\/pages"}],"about":[{"href":"https:\/\/28win.io\/index.php?rest_route=\/wp\/v2\/types\/page"}],"author":[{"embeddable":true,"href":"https:\/\/28win.io\/index.php?rest_route=\/wp\/v2\/users\/2"}],"replies":[{"embeddable":true,"href":"https:\/\/28win.io\/index.php?rest_route=%2Fwp%2Fv2%2Fcomments&post=12"}],"version-history":[{"count":11,"href":"https:\/\/28win.io\/index.php?rest_route=\/wp\/v2\/pages\/12\/revisions"}],"predecessor-version":[{"id":92,"href":"https:\/\/28win.io\/index.php?rest_route=\/wp\/v2\/pages\/12\/revisions\/92"}],"wp:attachment":[{"href":"https:\/\/28win.io\/index.php?rest_route=%2Fwp%2Fv2%2Fmedia&parent=12"}],"curies":[{"name":"wp","href":"https:\/\/api.w.org\/{rel}","templated":true}]}}